{"id":27,"date":"2023-07-26T16:36:55","date_gmt":"2023-07-26T16:36:55","guid":{"rendered":"https:\/\/tomaszfriedrich.pl\/?page_id=27"},"modified":"2023-07-27T04:55:18","modified_gmt":"2023-07-27T04:55:18","slug":"pieklo-wciaz-plonie-serial-audio-empik-go","status":"publish","type":"page","link":"https:\/\/tomaszfriedrich.pl\/?page_id=27","title":{"rendered":"Piek\u0142o wci\u0105\u017c p\u0142onie"},"content":{"rendered":"\n<p style=\"font-size:36px\"><strong>Serial audio dla  Empik Go<\/strong><\/p>\n\n\n\n<figure class=\"wp-block-gallery has-nested-images columns-default is-cropped wp-block-gallery-1 is-layout-flex wp-block-gallery-is-layout-flex\">\n<figure class=\"wp-block-image size-large\"><img loading=\"lazy\" decoding=\"async\" width=\"422\" height=\"422\" data-id=\"78\" src=\"https:\/\/tomaszfriedrich.pl\/wp-content\/uploads\/2023\/07\/340942851_214196147924022_4518353637107114163_n.jpg\" alt=\"\" class=\"wp-image-78\" srcset=\"https:\/\/tomaszfriedrich.pl\/wp-content\/uploads\/2023\/07\/340942851_214196147924022_4518353637107114163_n.jpg 422w, https:\/\/tomaszfriedrich.pl\/wp-content\/uploads\/2023\/07\/340942851_214196147924022_4518353637107114163_n-300x300.jpg 300w, https:\/\/tomaszfriedrich.pl\/wp-content\/uploads\/2023\/07\/340942851_214196147924022_4518353637107114163_n-150x150.jpg 150w, https:\/\/tomaszfriedrich.pl\/wp-content\/uploads\/2023\/07\/340942851_214196147924022_4518353637107114163_n-70x70.jpg 70w\" sizes=\"auto, (max-width: 422px) 100vw, 422px\" \/><\/figure>\n<\/figure>\n\n\n\n<p><\/p>\n\n\n\n<p><\/p>\n\n\n\n<figure class=\"wp-block-gallery has-nested-images columns-default is-cropped wp-block-gallery-2 is-layout-flex wp-block-gallery-is-layout-flex\"><\/figure>\n\n\n\n<p><\/p>\n\n\n\n<p><\/p>\n\n\n\n<p><\/p>\n\n\n\n<p class=\"has-small-font-size\"><\/p>\n","protected":false},"excerpt":{"rendered":"<p>Serial audio dla Empik Go<\/p>\n","protected":false},"author":1,"featured_media":0,"parent":0,"menu_order":0,"comment_status":"closed","ping_status":"closed","template":"","meta":{"footnotes":""},"class_list":["post-27","page","type-page","status-publish","hentry"],"_links":{"self":[{"href":"https:\/\/tomaszfriedrich.pl\/index.php?rest_route=\/wp\/v2\/pages\/27","targetHints":{"allow":["GET"]}}],"collection":[{"href":"https:\/\/tomaszfriedrich.pl\/index.php?rest_route=\/wp\/v2\/pages"}],"about":[{"href":"https:\/\/tomaszfriedrich.pl\/index.php?rest_route=\/wp\/v2\/types\/page"}],"author":[{"embeddable":true,"href":"https:\/\/tomaszfriedrich.pl\/index.php?rest_route=\/wp\/v2\/users\/1"}],"replies":[{"embeddable":true,"href":"https:\/\/tomaszfriedrich.pl\/index.php?rest_route=%2Fwp%2Fv2%2Fcomments&post=27"}],"version-history":[{"count":5,"href":"https:\/\/tomaszfriedrich.pl\/index.php?rest_route=\/wp\/v2\/pages\/27\/revisions"}],"predecessor-version":[{"id":108,"href":"https:\/\/tomaszfriedrich.pl\/index.php?rest_route=\/wp\/v2\/pages\/27\/revisions\/108"}],"wp:attachment":[{"href":"https:\/\/tomaszfriedrich.pl\/index.php?rest_route=%2Fwp%2Fv2%2Fmedia&parent=27"}],"curies":[{"name":"wp","href":"https:\/\/api.w.org\/{rel}","templated":true}]}}