{"id":203,"date":"2023-07-27T19:06:39","date_gmt":"2023-07-27T19:06:39","guid":{"rendered":"https:\/\/tomaszfriedrich.pl\/?page_id=203"},"modified":"2023-11-02T20:44:04","modified_gmt":"2023-11-02T20:44:04","slug":"wspolpraca","status":"publish","type":"page","link":"https:\/\/tomaszfriedrich.pl\/?page_id=203","title":{"rendered":"Wsp\u00f3\u0142praca"},"content":{"rendered":"\n<p><strong>Podejm\u0119 si\u0119 wsp\u00f3\u0142pracy przy poprawianiu skryptu oryginalnych scenariuszy lub w ka\u017cdym temacie zwi\u0105zanym z pisaniem. Kontakt drog\u0105 mailow\u0105 lub telefonicznie. <\/strong><\/p>\n\n\n\n<p>+48661610108 <br>Tomasz.Friedrich@outlook.com<\/p>\n\n\n\n<p><\/p>\n","protected":false},"excerpt":{"rendered":"<p>Podejm\u0119 si\u0119 wsp\u00f3\u0142pracy przy poprawianiu skryptu oryginalnych scenariuszy lub w ka\u017cdym temacie zwi\u0105zanym z pisaniem. Kontakt drog\u0105 mailow\u0105 lub telefonicznie. +48661610108 Tomasz.Friedrich@outlook.com<\/p>\n","protected":false},"author":1,"featured_media":0,"parent":0,"menu_order":0,"comment_status":"closed","ping_status":"closed","template":"","meta":{"footnotes":""},"class_list":["post-203","page","type-page","status-publish","hentry"],"_links":{"self":[{"href":"https:\/\/tomaszfriedrich.pl\/index.php?rest_route=\/wp\/v2\/pages\/203","targetHints":{"allow":["GET"]}}],"collection":[{"href":"https:\/\/tomaszfriedrich.pl\/index.php?rest_route=\/wp\/v2\/pages"}],"about":[{"href":"https:\/\/tomaszfriedrich.pl\/index.php?rest_route=\/wp\/v2\/types\/page"}],"author":[{"embeddable":true,"href":"https:\/\/tomaszfriedrich.pl\/index.php?rest_route=\/wp\/v2\/users\/1"}],"replies":[{"embeddable":true,"href":"https:\/\/tomaszfriedrich.pl\/index.php?rest_route=%2Fwp%2Fv2%2Fcomments&post=203"}],"version-history":[{"count":4,"href":"https:\/\/tomaszfriedrich.pl\/index.php?rest_route=\/wp\/v2\/pages\/203\/revisions"}],"predecessor-version":[{"id":262,"href":"https:\/\/tomaszfriedrich.pl\/index.php?rest_route=\/wp\/v2\/pages\/203\/revisions\/262"}],"wp:attachment":[{"href":"https:\/\/tomaszfriedrich.pl\/index.php?rest_route=%2Fwp%2Fv2%2Fmedia&parent=203"}],"curies":[{"name":"wp","href":"https:\/\/api.w.org\/{rel}","templated":true}]}}