{"id":2,"date":"2023-07-25T07:08:33","date_gmt":"2023-07-25T07:08:33","guid":{"rendered":"http:\/\/tomaszfriedrich.pl\/?page_id=2"},"modified":"2023-07-27T18:49:47","modified_gmt":"2023-07-27T18:49:47","slug":"scenariusze","status":"publish","type":"page","link":"https:\/\/tomaszfriedrich.pl\/?page_id=2","title":{"rendered":"Prezentacje scenariuszy"},"content":{"rendered":"\n<p style=\"font-size:25px\"><strong>Piek\u0142o wci\u0105\u017c p\u0142onie. Sezon pierwszy<\/strong><\/p>\n\n\n\n<figure class=\"wp-block-image size-large is-resized\"><img loading=\"lazy\" decoding=\"async\" src=\"http:\/\/tomaszfriedrich.pl\/wp-content\/uploads\/2023\/07\/Slajd1-2-1024x576.jpg\" alt=\"\" class=\"wp-image-60\" width=\"1013\" height=\"569\" srcset=\"https:\/\/tomaszfriedrich.pl\/wp-content\/uploads\/2023\/07\/Slajd1-2-1024x576.jpg 1024w, https:\/\/tomaszfriedrich.pl\/wp-content\/uploads\/2023\/07\/Slajd1-2-300x169.jpg 300w, https:\/\/tomaszfriedrich.pl\/wp-content\/uploads\/2023\/07\/Slajd1-2-768x432.jpg 768w, https:\/\/tomaszfriedrich.pl\/wp-content\/uploads\/2023\/07\/Slajd1-2-1100x619.jpg 1100w, https:\/\/tomaszfriedrich.pl\/wp-content\/uploads\/2023\/07\/Slajd1-2.jpg 1280w\" sizes=\"auto, (max-width: 1013px) 100vw, 1013px\" \/><\/figure>\n\n\n\n<figure class=\"wp-block-image size-large is-resized\"><img loading=\"lazy\" decoding=\"async\" src=\"https:\/\/tomaszfriedrich.pl\/wp-content\/uploads\/2023\/07\/Slajd2-1024x576.jpg\" alt=\"\" class=\"wp-image-62\" width=\"1013\" height=\"569\" srcset=\"https:\/\/tomaszfriedrich.pl\/wp-content\/uploads\/2023\/07\/Slajd2-1024x576.jpg 1024w, https:\/\/tomaszfriedrich.pl\/wp-content\/uploads\/2023\/07\/Slajd2-300x169.jpg 300w, https:\/\/tomaszfriedrich.pl\/wp-content\/uploads\/2023\/07\/Slajd2-768x432.jpg 768w, https:\/\/tomaszfriedrich.pl\/wp-content\/uploads\/2023\/07\/Slajd2-1100x619.jpg 1100w, https:\/\/tomaszfriedrich.pl\/wp-content\/uploads\/2023\/07\/Slajd2.jpg 1280w\" sizes=\"auto, (max-width: 1013px) 100vw, 1013px\" \/><\/figure>\n\n\n\n<figure class=\"wp-block-image size-large is-resized\"><img loading=\"lazy\" decoding=\"async\" src=\"https:\/\/tomaszfriedrich.pl\/wp-content\/uploads\/2023\/07\/Slajd3-1024x576.jpg\" alt=\"\" class=\"wp-image-63\" width=\"1014\" height=\"570\" srcset=\"https:\/\/tomaszfriedrich.pl\/wp-content\/uploads\/2023\/07\/Slajd3-1024x576.jpg 1024w, https:\/\/tomaszfriedrich.pl\/wp-content\/uploads\/2023\/07\/Slajd3-300x169.jpg 300w, https:\/\/tomaszfriedrich.pl\/wp-content\/uploads\/2023\/07\/Slajd3-768x432.jpg 768w, https:\/\/tomaszfriedrich.pl\/wp-content\/uploads\/2023\/07\/Slajd3-1100x619.jpg 1100w, https:\/\/tomaszfriedrich.pl\/wp-content\/uploads\/2023\/07\/Slajd3.jpg 1280w\" sizes=\"auto, (max-width: 1014px) 100vw, 1014px\" \/><\/figure>\n\n\n\n<figure class=\"wp-block-image size-large is-resized\"><img loading=\"lazy\" decoding=\"async\" src=\"https:\/\/tomaszfriedrich.pl\/wp-content\/uploads\/2023\/07\/Slajd4-1024x576.jpg\" alt=\"\" class=\"wp-image-64\" width=\"1014\" height=\"570\" srcset=\"https:\/\/tomaszfriedrich.pl\/wp-content\/uploads\/2023\/07\/Slajd4-1024x576.jpg 1024w, https:\/\/tomaszfriedrich.pl\/wp-content\/uploads\/2023\/07\/Slajd4-300x169.jpg 300w, https:\/\/tomaszfriedrich.pl\/wp-content\/uploads\/2023\/07\/Slajd4-768x432.jpg 768w, https:\/\/tomaszfriedrich.pl\/wp-content\/uploads\/2023\/07\/Slajd4-1100x619.jpg 1100w, https:\/\/tomaszfriedrich.pl\/wp-content\/uploads\/2023\/07\/Slajd4.jpg 1280w\" sizes=\"auto, (max-width: 1014px) 100vw, 1014px\" \/><\/figure>\n\n\n\n<figure class=\"wp-block-image size-large is-resized\"><img loading=\"lazy\" decoding=\"async\" src=\"https:\/\/tomaszfriedrich.pl\/wp-content\/uploads\/2023\/07\/Slajd5-1024x576.jpg\" alt=\"\" class=\"wp-image-65\" width=\"1013\" height=\"569\" srcset=\"https:\/\/tomaszfriedrich.pl\/wp-content\/uploads\/2023\/07\/Slajd5-1024x576.jpg 1024w, https:\/\/tomaszfriedrich.pl\/wp-content\/uploads\/2023\/07\/Slajd5-300x169.jpg 300w, https:\/\/tomaszfriedrich.pl\/wp-content\/uploads\/2023\/07\/Slajd5-768x432.jpg 768w, https:\/\/tomaszfriedrich.pl\/wp-content\/uploads\/2023\/07\/Slajd5-1100x619.jpg 1100w, https:\/\/tomaszfriedrich.pl\/wp-content\/uploads\/2023\/07\/Slajd5.jpg 1280w\" sizes=\"auto, (max-width: 1013px) 100vw, 1013px\" \/><\/figure>\n\n\n\n<figure class=\"wp-block-image size-large is-resized\"><img loading=\"lazy\" decoding=\"async\" src=\"https:\/\/tomaszfriedrich.pl\/wp-content\/uploads\/2023\/07\/Slajd6-1024x576.jpg\" alt=\"\" class=\"wp-image-66\" width=\"1011\" height=\"568\" srcset=\"https:\/\/tomaszfriedrich.pl\/wp-content\/uploads\/2023\/07\/Slajd6-1024x576.jpg 1024w, https:\/\/tomaszfriedrich.pl\/wp-content\/uploads\/2023\/07\/Slajd6-300x169.jpg 300w, https:\/\/tomaszfriedrich.pl\/wp-content\/uploads\/2023\/07\/Slajd6-768x432.jpg 768w, https:\/\/tomaszfriedrich.pl\/wp-content\/uploads\/2023\/07\/Slajd6-1100x619.jpg 1100w, https:\/\/tomaszfriedrich.pl\/wp-content\/uploads\/2023\/07\/Slajd6.jpg 1280w\" sizes=\"auto, (max-width: 1011px) 100vw, 1011px\" \/><\/figure>\n\n\n\n<figure class=\"wp-block-image size-large is-resized\"><img loading=\"lazy\" decoding=\"async\" src=\"https:\/\/tomaszfriedrich.pl\/wp-content\/uploads\/2023\/07\/Slajd7-1024x576.jpg\" alt=\"\" class=\"wp-image-67\" width=\"1010\" height=\"568\" srcset=\"https:\/\/tomaszfriedrich.pl\/wp-content\/uploads\/2023\/07\/Slajd7-1024x576.jpg 1024w, https:\/\/tomaszfriedrich.pl\/wp-content\/uploads\/2023\/07\/Slajd7-300x169.jpg 300w, https:\/\/tomaszfriedrich.pl\/wp-content\/uploads\/2023\/07\/Slajd7-768x432.jpg 768w, https:\/\/tomaszfriedrich.pl\/wp-content\/uploads\/2023\/07\/Slajd7-1100x619.jpg 1100w, https:\/\/tomaszfriedrich.pl\/wp-content\/uploads\/2023\/07\/Slajd7.jpg 1280w\" sizes=\"auto, (max-width: 1010px) 100vw, 1010px\" \/><\/figure>\n\n\n\n<figure class=\"wp-block-image size-large is-resized\"><img loading=\"lazy\" decoding=\"async\" src=\"https:\/\/tomaszfriedrich.pl\/wp-content\/uploads\/2023\/07\/Slajd8-1024x576.jpg\" alt=\"\" class=\"wp-image-68\" width=\"1011\" height=\"568\" srcset=\"https:\/\/tomaszfriedrich.pl\/wp-content\/uploads\/2023\/07\/Slajd8-1024x576.jpg 1024w, https:\/\/tomaszfriedrich.pl\/wp-content\/uploads\/2023\/07\/Slajd8-300x169.jpg 300w, https:\/\/tomaszfriedrich.pl\/wp-content\/uploads\/2023\/07\/Slajd8-768x432.jpg 768w, https:\/\/tomaszfriedrich.pl\/wp-content\/uploads\/2023\/07\/Slajd8-1100x619.jpg 1100w, https:\/\/tomaszfriedrich.pl\/wp-content\/uploads\/2023\/07\/Slajd8.jpg 1280w\" sizes=\"auto, (max-width: 1011px) 100vw, 1011px\" \/><\/figure>\n\n\n\n<figure class=\"wp-block-image size-large is-resized\"><img loading=\"lazy\" decoding=\"async\" src=\"https:\/\/tomaszfriedrich.pl\/wp-content\/uploads\/2023\/07\/Slajd9-1024x576.jpg\" alt=\"\" class=\"wp-image-69\" width=\"1011\" height=\"568\" srcset=\"https:\/\/tomaszfriedrich.pl\/wp-content\/uploads\/2023\/07\/Slajd9-1024x576.jpg 1024w, https:\/\/tomaszfriedrich.pl\/wp-content\/uploads\/2023\/07\/Slajd9-300x169.jpg 300w, https:\/\/tomaszfriedrich.pl\/wp-content\/uploads\/2023\/07\/Slajd9-768x432.jpg 768w, https:\/\/tomaszfriedrich.pl\/wp-content\/uploads\/2023\/07\/Slajd9-1100x619.jpg 1100w, https:\/\/tomaszfriedrich.pl\/wp-content\/uploads\/2023\/07\/Slajd9.jpg 1280w\" sizes=\"auto, (max-width: 1011px) 100vw, 1011px\" \/><\/figure>\n\n\n\n<figure class=\"wp-block-image size-large is-resized\"><img loading=\"lazy\" decoding=\"async\" src=\"https:\/\/tomaszfriedrich.pl\/wp-content\/uploads\/2023\/07\/Slajd10-1024x576.jpg\" alt=\"\" class=\"wp-image-70\" width=\"1010\" height=\"568\" srcset=\"https:\/\/tomaszfriedrich.pl\/wp-content\/uploads\/2023\/07\/Slajd10-1024x576.jpg 1024w, https:\/\/tomaszfriedrich.pl\/wp-content\/uploads\/2023\/07\/Slajd10-300x169.jpg 300w, https:\/\/tomaszfriedrich.pl\/wp-content\/uploads\/2023\/07\/Slajd10-768x432.jpg 768w, https:\/\/tomaszfriedrich.pl\/wp-content\/uploads\/2023\/07\/Slajd10-1100x619.jpg 1100w, https:\/\/tomaszfriedrich.pl\/wp-content\/uploads\/2023\/07\/Slajd10.jpg 1280w\" sizes=\"auto, (max-width: 1010px) 100vw, 1010px\" \/><\/figure>\n\n\n\n<figure class=\"wp-block-image size-large is-resized\"><img loading=\"lazy\" decoding=\"async\" src=\"https:\/\/tomaszfriedrich.pl\/wp-content\/uploads\/2023\/07\/Slajd11-1024x576.jpg\" alt=\"\" class=\"wp-image-71\" width=\"1009\" height=\"567\" srcset=\"https:\/\/tomaszfriedrich.pl\/wp-content\/uploads\/2023\/07\/Slajd11-1024x576.jpg 1024w, https:\/\/tomaszfriedrich.pl\/wp-content\/uploads\/2023\/07\/Slajd11-300x169.jpg 300w, https:\/\/tomaszfriedrich.pl\/wp-content\/uploads\/2023\/07\/Slajd11-768x432.jpg 768w, https:\/\/tomaszfriedrich.pl\/wp-content\/uploads\/2023\/07\/Slajd11-1100x619.jpg 1100w, https:\/\/tomaszfriedrich.pl\/wp-content\/uploads\/2023\/07\/Slajd11.jpg 1280w\" sizes=\"auto, (max-width: 1009px) 100vw, 1009px\" \/><\/figure>\n\n\n\n<figure class=\"wp-block-image size-large is-resized\"><img loading=\"lazy\" decoding=\"async\" src=\"https:\/\/tomaszfriedrich.pl\/wp-content\/uploads\/2023\/07\/Slajd12-1-1024x576.jpg\" alt=\"\" class=\"wp-image-73\" width=\"1009\" height=\"567\" srcset=\"https:\/\/tomaszfriedrich.pl\/wp-content\/uploads\/2023\/07\/Slajd12-1-1024x576.jpg 1024w, https:\/\/tomaszfriedrich.pl\/wp-content\/uploads\/2023\/07\/Slajd12-1-300x169.jpg 300w, https:\/\/tomaszfriedrich.pl\/wp-content\/uploads\/2023\/07\/Slajd12-1-768x432.jpg 768w, https:\/\/tomaszfriedrich.pl\/wp-content\/uploads\/2023\/07\/Slajd12-1-1100x619.jpg 1100w, https:\/\/tomaszfriedrich.pl\/wp-content\/uploads\/2023\/07\/Slajd12-1.jpg 1280w\" sizes=\"auto, (max-width: 1009px) 100vw, 1009px\" \/><\/figure>\n\n\n\n<figure class=\"wp-block-image size-large is-resized\"><img loading=\"lazy\" decoding=\"async\" src=\"https:\/\/tomaszfriedrich.pl\/wp-content\/uploads\/2023\/07\/Slajd13-1-1024x576.jpg\" alt=\"\" class=\"wp-image-75\" width=\"1012\" height=\"569\" srcset=\"https:\/\/tomaszfriedrich.pl\/wp-content\/uploads\/2023\/07\/Slajd13-1-1024x576.jpg 1024w, https:\/\/tomaszfriedrich.pl\/wp-content\/uploads\/2023\/07\/Slajd13-1-300x169.jpg 300w, https:\/\/tomaszfriedrich.pl\/wp-content\/uploads\/2023\/07\/Slajd13-1-768x432.jpg 768w, https:\/\/tomaszfriedrich.pl\/wp-content\/uploads\/2023\/07\/Slajd13-1-1100x619.jpg 1100w, https:\/\/tomaszfriedrich.pl\/wp-content\/uploads\/2023\/07\/Slajd13-1.jpg 1280w\" sizes=\"auto, (max-width: 1012px) 100vw, 1012px\" \/><\/figure>\n\n\n\n<figure class=\"wp-block-image size-large is-resized\"><img loading=\"lazy\" decoding=\"async\" src=\"https:\/\/tomaszfriedrich.pl\/wp-content\/uploads\/2023\/07\/Slajd14-1024x576.jpg\" alt=\"\" class=\"wp-image-76\" width=\"1015\" height=\"571\" srcset=\"https:\/\/tomaszfriedrich.pl\/wp-content\/uploads\/2023\/07\/Slajd14-1024x576.jpg 1024w, https:\/\/tomaszfriedrich.pl\/wp-content\/uploads\/2023\/07\/Slajd14-300x169.jpg 300w, https:\/\/tomaszfriedrich.pl\/wp-content\/uploads\/2023\/07\/Slajd14-768x432.jpg 768w, https:\/\/tomaszfriedrich.pl\/wp-content\/uploads\/2023\/07\/Slajd14-1100x619.jpg 1100w, https:\/\/tomaszfriedrich.pl\/wp-content\/uploads\/2023\/07\/Slajd14.jpg 1280w\" sizes=\"auto, (max-width: 1015px) 100vw, 1015px\" \/><\/figure>\n\n\n\n<p style=\"font-size:22px\"><strong>Piek\u0142o wci\u0105\u017c p\u0142onie. Sezon drugi: Niebo w p\u0142omieniach.<\/strong><\/p>\n\n\n\n<p style=\"font-size:22px\"><strong>Trzeci draft wszystkich odcink\u00f3w zako\u0144czony<\/strong>.<\/p>\n\n\n\n<figure class=\"wp-block-image size-large is-resized\"><img loading=\"lazy\" decoding=\"async\" src=\"https:\/\/tomaszfriedrich.pl\/wp-content\/uploads\/2023\/07\/Slajd1-3-1024x576.jpg\" alt=\"\" class=\"wp-image-167\" width=\"1013\" height=\"569\" srcset=\"https:\/\/tomaszfriedrich.pl\/wp-content\/uploads\/2023\/07\/Slajd1-3-1024x576.jpg 1024w, https:\/\/tomaszfriedrich.pl\/wp-content\/uploads\/2023\/07\/Slajd1-3-300x169.jpg 300w, https:\/\/tomaszfriedrich.pl\/wp-content\/uploads\/2023\/07\/Slajd1-3-768x432.jpg 768w, https:\/\/tomaszfriedrich.pl\/wp-content\/uploads\/2023\/07\/Slajd1-3-1100x619.jpg 1100w, https:\/\/tomaszfriedrich.pl\/wp-content\/uploads\/2023\/07\/Slajd1-3.jpg 1280w\" sizes=\"auto, (max-width: 1013px) 100vw, 1013px\" \/><\/figure>\n\n\n\n<figure class=\"wp-block-image size-large is-resized\"><img loading=\"lazy\" decoding=\"async\" src=\"https:\/\/tomaszfriedrich.pl\/wp-content\/uploads\/2023\/07\/Slajd2-1-1024x576.jpg\" alt=\"\" class=\"wp-image-168\" width=\"1016\" height=\"571\" srcset=\"https:\/\/tomaszfriedrich.pl\/wp-content\/uploads\/2023\/07\/Slajd2-1-1024x576.jpg 1024w, https:\/\/tomaszfriedrich.pl\/wp-content\/uploads\/2023\/07\/Slajd2-1-300x169.jpg 300w, https:\/\/tomaszfriedrich.pl\/wp-content\/uploads\/2023\/07\/Slajd2-1-768x432.jpg 768w, https:\/\/tomaszfriedrich.pl\/wp-content\/uploads\/2023\/07\/Slajd2-1-1100x619.jpg 1100w, https:\/\/tomaszfriedrich.pl\/wp-content\/uploads\/2023\/07\/Slajd2-1.jpg 1280w\" sizes=\"auto, (max-width: 1016px) 100vw, 1016px\" \/><\/figure>\n\n\n\n<p class=\"has-large-font-size\"><strong>Piek\u0142o wci\u0105\u017c p\u0142onie. Sezon trzeci: P\u0142on\u0105ca zorza: <\/strong><\/p>\n\n\n\n<p class=\"has-large-font-size\"><strong>ETAP: Przewidywany termin zamkni\u0119cia pierwszej wersji wszystkich odcink\u00f3w to wrzesie\u0144 2023<\/strong><\/p>\n\n\n\n<figure class=\"wp-block-image size-large is-resized\"><img loading=\"lazy\" decoding=\"async\" src=\"https:\/\/tomaszfriedrich.pl\/wp-content\/uploads\/2023\/07\/Slajd1-4-1024x576.jpg\" alt=\"\" class=\"wp-image-170\" width=\"1029\" height=\"578\" srcset=\"https:\/\/tomaszfriedrich.pl\/wp-content\/uploads\/2023\/07\/Slajd1-4-1024x576.jpg 1024w, https:\/\/tomaszfriedrich.pl\/wp-content\/uploads\/2023\/07\/Slajd1-4-300x169.jpg 300w, https:\/\/tomaszfriedrich.pl\/wp-content\/uploads\/2023\/07\/Slajd1-4-768x432.jpg 768w, https:\/\/tomaszfriedrich.pl\/wp-content\/uploads\/2023\/07\/Slajd1-4-1100x619.jpg 1100w, https:\/\/tomaszfriedrich.pl\/wp-content\/uploads\/2023\/07\/Slajd1-4.jpg 1280w\" sizes=\"auto, (max-width: 1029px) 100vw, 1029px\" \/><\/figure>\n\n\n\n<figure class=\"wp-block-image size-large is-resized\"><img loading=\"lazy\" decoding=\"async\" src=\"https:\/\/tomaszfriedrich.pl\/wp-content\/uploads\/2023\/07\/Slajd2-2-1024x576.jpg\" alt=\"\" class=\"wp-image-171\" width=\"1019\" height=\"573\" srcset=\"https:\/\/tomaszfriedrich.pl\/wp-content\/uploads\/2023\/07\/Slajd2-2-1024x576.jpg 1024w, https:\/\/tomaszfriedrich.pl\/wp-content\/uploads\/2023\/07\/Slajd2-2-300x169.jpg 300w, https:\/\/tomaszfriedrich.pl\/wp-content\/uploads\/2023\/07\/Slajd2-2-768x432.jpg 768w, https:\/\/tomaszfriedrich.pl\/wp-content\/uploads\/2023\/07\/Slajd2-2-1100x619.jpg 1100w, https:\/\/tomaszfriedrich.pl\/wp-content\/uploads\/2023\/07\/Slajd2-2.jpg 1280w\" sizes=\"auto, (max-width: 1019px) 100vw, 1019px\" \/><\/figure>\n\n\n\n<p style=\"font-size:21px\"><strong>CONSTANS &#8211; Pe\u0142nometra\u017cowy film kryminalny.<\/strong><\/p>\n\n\n\n<p style=\"font-size:21px\"><strong>ETAP: Drugi draft scenariusza zako\u0144czony.<\/strong><\/p>\n\n\n\n<p><\/p>\n\n\n\n<figure class=\"wp-block-image size-large is-resized\"><img loading=\"lazy\" decoding=\"async\" src=\"https:\/\/tomaszfriedrich.pl\/wp-content\/uploads\/2023\/07\/Slajd1-5-1024x576.jpg\" alt=\"\" class=\"wp-image-175\" width=\"1014\" height=\"570\" srcset=\"https:\/\/tomaszfriedrich.pl\/wp-content\/uploads\/2023\/07\/Slajd1-5-1024x576.jpg 1024w, https:\/\/tomaszfriedrich.pl\/wp-content\/uploads\/2023\/07\/Slajd1-5-300x169.jpg 300w, https:\/\/tomaszfriedrich.pl\/wp-content\/uploads\/2023\/07\/Slajd1-5-768x432.jpg 768w, https:\/\/tomaszfriedrich.pl\/wp-content\/uploads\/2023\/07\/Slajd1-5-1100x619.jpg 1100w, https:\/\/tomaszfriedrich.pl\/wp-content\/uploads\/2023\/07\/Slajd1-5.jpg 1280w\" sizes=\"auto, (max-width: 1014px) 100vw, 1014px\" \/><\/figure>\n\n\n\n<figure class=\"wp-block-image size-large is-resized\"><img loading=\"lazy\" decoding=\"async\" src=\"https:\/\/tomaszfriedrich.pl\/wp-content\/uploads\/2023\/07\/Slajd2-3-1024x576.jpg\" alt=\"\" class=\"wp-image-176\" width=\"1014\" height=\"570\" srcset=\"https:\/\/tomaszfriedrich.pl\/wp-content\/uploads\/2023\/07\/Slajd2-3-1024x576.jpg 1024w, https:\/\/tomaszfriedrich.pl\/wp-content\/uploads\/2023\/07\/Slajd2-3-300x169.jpg 300w, https:\/\/tomaszfriedrich.pl\/wp-content\/uploads\/2023\/07\/Slajd2-3-768x432.jpg 768w, https:\/\/tomaszfriedrich.pl\/wp-content\/uploads\/2023\/07\/Slajd2-3-1100x619.jpg 1100w, https:\/\/tomaszfriedrich.pl\/wp-content\/uploads\/2023\/07\/Slajd2-3.jpg 1280w\" sizes=\"auto, (max-width: 1014px) 100vw, 1014px\" \/><\/figure>\n\n\n\n<p><\/p>\n\n\n\n<p style=\"font-size:22px\"><strong>PARALAKSA &#8211; Thriller &#8211; Film pe\u0142nometra\u017cowy<\/strong><\/p>\n\n\n\n<p style=\"font-size:22px\"><strong>ETAP: W trakcie pisania<\/strong><\/p>\n\n\n\n<figure class=\"wp-block-image size-large is-resized\"><img loading=\"lazy\" decoding=\"async\" src=\"https:\/\/tomaszfriedrich.pl\/wp-content\/uploads\/2023\/07\/Slajd1-6-1024x576.jpg\" alt=\"\" class=\"wp-image-197\" width=\"1011\" height=\"568\" srcset=\"https:\/\/tomaszfriedrich.pl\/wp-content\/uploads\/2023\/07\/Slajd1-6-1024x576.jpg 1024w, https:\/\/tomaszfriedrich.pl\/wp-content\/uploads\/2023\/07\/Slajd1-6-300x169.jpg 300w, https:\/\/tomaszfriedrich.pl\/wp-content\/uploads\/2023\/07\/Slajd1-6-768x432.jpg 768w, https:\/\/tomaszfriedrich.pl\/wp-content\/uploads\/2023\/07\/Slajd1-6-1100x619.jpg 1100w, https:\/\/tomaszfriedrich.pl\/wp-content\/uploads\/2023\/07\/Slajd1-6.jpg 1280w\" sizes=\"auto, (max-width: 1011px) 100vw, 1011px\" \/><\/figure>\n\n\n\n<figure class=\"wp-block-image size-large is-resized\"><img loading=\"lazy\" decoding=\"async\" src=\"https:\/\/tomaszfriedrich.pl\/wp-content\/uploads\/2023\/07\/Slajd2-4-1024x576.jpg\" alt=\"\" class=\"wp-image-198\" width=\"1010\" height=\"568\" srcset=\"https:\/\/tomaszfriedrich.pl\/wp-content\/uploads\/2023\/07\/Slajd2-4-1024x576.jpg 1024w, https:\/\/tomaszfriedrich.pl\/wp-content\/uploads\/2023\/07\/Slajd2-4-300x169.jpg 300w, https:\/\/tomaszfriedrich.pl\/wp-content\/uploads\/2023\/07\/Slajd2-4-768x432.jpg 768w, https:\/\/tomaszfriedrich.pl\/wp-content\/uploads\/2023\/07\/Slajd2-4-1100x619.jpg 1100w, https:\/\/tomaszfriedrich.pl\/wp-content\/uploads\/2023\/07\/Slajd2-4.jpg 1280w\" sizes=\"auto, (max-width: 1010px) 100vw, 1010px\" \/><\/figure>\n","protected":false},"excerpt":{"rendered":"<p>Piek\u0142o wci\u0105\u017c p\u0142onie. Sezon pierwszy Piek\u0142o wci\u0105\u017c p\u0142onie. Sezon drugi: Niebo w p\u0142omieniach. Trzeci draft wszystkich odcink\u00f3w zako\u0144czony. Piek\u0142o wci\u0105\u017c p\u0142onie. Sezon trzeci: P\u0142on\u0105ca zorza: ETAP: Przewidywany termin zamkni\u0119cia pierwszej wersji wszystkich odcink\u00f3w to wrzesie\u0144 2023 CONSTANS &#8211; Pe\u0142nometra\u017cowy film kryminalny. ETAP: Drugi draft scenariusza zako\u0144czony. PARALAKSA &#8211; Thriller &#8211; Film pe\u0142nometra\u017cowy ETAP: W trakcie pisania<\/p>\n","protected":false},"author":1,"featured_media":0,"parent":0,"menu_order":0,"comment_status":"closed","ping_status":"closed","template":"","meta":{"footnotes":""},"class_list":["post-2","page","type-page","status-publish","hentry"],"_links":{"self":[{"href":"https:\/\/tomaszfriedrich.pl\/index.php?rest_route=\/wp\/v2\/pages\/2","targetHints":{"allow":["GET"]}}],"collection":[{"href":"https:\/\/tomaszfriedrich.pl\/index.php?rest_route=\/wp\/v2\/pages"}],"about":[{"href":"https:\/\/tomaszfriedrich.pl\/index.php?rest_route=\/wp\/v2\/types\/page"}],"author":[{"embeddable":true,"href":"https:\/\/tomaszfriedrich.pl\/index.php?rest_route=\/wp\/v2\/users\/1"}],"replies":[{"embeddable":true,"href":"https:\/\/tomaszfriedrich.pl\/index.php?rest_route=%2Fwp%2Fv2%2Fcomments&post=2"}],"version-history":[{"count":15,"href":"https:\/\/tomaszfriedrich.pl\/index.php?rest_route=\/wp\/v2\/pages\/2\/revisions"}],"predecessor-version":[{"id":305,"href":"https:\/\/tomaszfriedrich.pl\/index.php?rest_route=\/wp\/v2\/pages\/2\/revisions\/305"}],"wp:attachment":[{"href":"https:\/\/tomaszfriedrich.pl\/index.php?rest_route=%2Fwp%2Fv2%2Fmedia&parent=2"}],"curies":[{"name":"wp","href":"https:\/\/api.w.org\/{rel}","templated":true}]}}